
{"id":1668,"date":"2020-05-15T07:00:05","date_gmt":"2020-05-15T07:00:05","guid":{"rendered":"http:\/\/www.kanacollection.com\/?page_id=1668"},"modified":"2020-05-15T07:15:24","modified_gmt":"2020-05-15T07:15:24","slug":"kauppa","status":"publish","type":"page","link":"http:\/\/www.kanacollection.com\/sv\/kauppa\/","title":{"rendered":"(suomi) Kauppa"},"content":{"rendered":"<p class=\"qtranxs-available-languages-message qtranxs-available-languages-message-sv\">Tyv\u00e4rr \u00e4r denna artikel enbart tillg\u00e4nglig p\u00e5 <a href=\"http:\/\/www.kanacollection.com\/fi\/wp-json\/wp\/v2\/pages\/1668\" class=\"qtranxs-available-language-link qtranxs-available-language-link-fi\" title=\"suomi\">Finska<\/a>.<\/p>","protected":false},"excerpt":{"rendered":"<p>Tyv\u00e4rr \u00e4r denna artikel enbart tillg\u00e4nglig p\u00e5 Finska.<\/p>\n","protected":false},"author":2,"featured_media":0,"parent":0,"menu_order":0,"comment_status":"closed","ping_status":"closed","template":"","meta":[],"_links":{"self":[{"href":"http:\/\/www.kanacollection.com\/sv\/wp-json\/wp\/v2\/pages\/1668"}],"collection":[{"href":"http:\/\/www.kanacollection.com\/sv\/wp-json\/wp\/v2\/pages"}],"about":[{"href":"http:\/\/www.kanacollection.com\/sv\/wp-json\/wp\/v2\/types\/page"}],"author":[{"embeddable":true,"href":"http:\/\/www.kanacollection.com\/sv\/wp-json\/wp\/v2\/users\/2"}],"replies":[{"embeddable":true,"href":"http:\/\/www.kanacollection.com\/sv\/wp-json\/wp\/v2\/comments?post=1668"}],"version-history":[{"count":0,"href":"http:\/\/www.kanacollection.com\/sv\/wp-json\/wp\/v2\/pages\/1668\/revisions"}],"wp:attachment":[{"href":"http:\/\/www.kanacollection.com\/sv\/wp-json\/wp\/v2\/media?parent=1668"}],"curies":[{"name":"wp","href":"https:\/\/api.w.org\/{rel}","templated":true}]}}