
{"id":1473,"date":"2017-11-17T21:31:09","date_gmt":"2017-11-17T21:31:09","guid":{"rendered":"http:\/\/www.kanacollection.com\/?page_id=1473"},"modified":"2017-11-19T19:55:55","modified_gmt":"2017-11-19T19:55:55","slug":"silko","status":"publish","type":"page","link":"http:\/\/www.kanacollection.com\/sv\/collections\/pannat\/silko\/","title":{"rendered":"(suomi) SILKO"},"content":{"rendered":"<p class=\"qtranxs-available-languages-message qtranxs-available-languages-message-sv\">Tyv\u00e4rr \u00e4r denna artikel enbart tillg\u00e4nglig p\u00e5 <a href=\"http:\/\/www.kanacollection.com\/fi\/wp-json\/wp\/v2\/pages\/1473\" class=\"qtranxs-available-language-link qtranxs-available-language-link-fi\" title=\"suomi\">Finska<\/a> och <a href=\"http:\/\/www.kanacollection.com\/en\/wp-json\/wp\/v2\/pages\/1473\" class=\"qtranxs-available-language-link qtranxs-available-language-link-en\" title=\"English\">Amerikansk Engelska<\/a>.<\/p>","protected":false},"excerpt":{"rendered":"<p>Tyv\u00e4rr \u00e4r denna artikel enbart tillg\u00e4nglig p\u00e5 Finska och Amerikansk Engelska.<\/p>\n","protected":false},"author":2,"featured_media":0,"parent":177,"menu_order":0,"comment_status":"closed","ping_status":"closed","template":"","meta":[],"_links":{"self":[{"href":"http:\/\/www.kanacollection.com\/sv\/wp-json\/wp\/v2\/pages\/1473"}],"collection":[{"href":"http:\/\/www.kanacollection.com\/sv\/wp-json\/wp\/v2\/pages"}],"about":[{"href":"http:\/\/www.kanacollection.com\/sv\/wp-json\/wp\/v2\/types\/page"}],"author":[{"embeddable":true,"href":"http:\/\/www.kanacollection.com\/sv\/wp-json\/wp\/v2\/users\/2"}],"replies":[{"embeddable":true,"href":"http:\/\/www.kanacollection.com\/sv\/wp-json\/wp\/v2\/comments?post=1473"}],"version-history":[{"count":0,"href":"http:\/\/www.kanacollection.com\/sv\/wp-json\/wp\/v2\/pages\/1473\/revisions"}],"up":[{"embeddable":true,"href":"http:\/\/www.kanacollection.com\/sv\/wp-json\/wp\/v2\/pages\/177"}],"wp:attachment":[{"href":"http:\/\/www.kanacollection.com\/sv\/wp-json\/wp\/v2\/media?parent=1473"}],"curies":[{"name":"wp","href":"https:\/\/api.w.org\/{rel}","templated":true}]}}