
{"id":1108,"date":"2016-08-22T10:45:36","date_gmt":"2016-08-22T10:45:36","guid":{"rendered":"http:\/\/www.kanacollection.com\/?page_id=1108"},"modified":"2017-11-18T13:34:06","modified_gmt":"2017-11-18T13:34:06","slug":"satin","status":"publish","type":"page","link":"http:\/\/www.kanacollection.com\/sv\/collections\/pannat\/satin\/","title":{"rendered":"SATIN"},"content":{"rendered":"<p><div id=\"attachment_1109\" style=\"width: 398px\" class=\"wp-caption alignright\"><a href=\"http:\/\/www.kanacollection.com\/wp-content\/uploads\/2016\/08\/Pirre-Satin-WEB.jpg\"><img aria-describedby=\"caption-attachment-1109\" loading=\"lazy\" class=\"wp-image-1109\" src=\"http:\/\/www.kanacollection.com\/wp-content\/uploads\/2016\/08\/Pirre-Satin-WEB-655x1024.jpg\" alt=\"Pirre-Satin-WEB\" width=\"388\" height=\"607\" srcset=\"http:\/\/www.kanacollection.com\/wp-content\/uploads\/2016\/08\/Pirre-Satin-WEB-655x1024.jpg 655w, http:\/\/www.kanacollection.com\/wp-content\/uploads\/2016\/08\/Pirre-Satin-WEB-192x300.jpg 192w, http:\/\/www.kanacollection.com\/wp-content\/uploads\/2016\/08\/Pirre-Satin-WEB.jpg 748w\" sizes=\"(max-width: 388px) 100vw, 388px\" \/><\/a><p id=\"caption-attachment-1109\" class=\"wp-caption-text\">Mallikoira: Pirre<\/p><\/div><\/p>\n<p>SATIN-mallisto (2014)<\/p>\n<p>Dimangi- ja Shine-pannat olivat her\u00e4tt\u00e4neet runsaasti ihastusta heti syntym\u00e4st\u00e4\u00e4n alkaen. Ihanan tuntuinen loimusamettipehmuste helli useimpien koirien kauloja. Kuitenkin oli er\u00e4s koiraryhm\u00e4, joka j\u00e4i hieman paitsioon pantakaupoissa &#8211; p\u00f6rr\u00f6iset ja pitk\u00e4turkkiset koirat. Turkkikoirilla v\u00e4h\u00e4inenkin kitka pannan ja turkin v\u00e4liss\u00e4 aiheuttaa helposti takkuja. Jotain piti siis keksi\u00e4.<\/p>\n<p>Mittatilauksena olin tehnyt mm. villakoira-, bichon- ja shelttiasiakkailleni toiveiden mukaisia satiinipehmusteisia pantoja aika paljon ja halusin nyt lis\u00e4t\u00e4 turkkikoirien pannat my\u00f6s j\u00e4lleenmyyntivalikoimiini. Puntaroin eri pehmustevaihtoehtoja aika pitk\u00e4\u00e4n, mutta p\u00e4\u00e4dyin kuitenkin aina lopulta satiiniin, koska se nyt vain sattuu olemaan eritt\u00e4in hell\u00e4 pitk\u00e4lle ja takkuuntuvalle turkille. K\u00e4\u00e4nt\u00f6puoli satiinin turkkihellyydess\u00e4 on valitettavasti sen herkkyys materiaalina &#8211; se ottaa herk\u00e4sti osumaa kynsist\u00e4, hampaista, risuista ja muista ter\u00e4vist\u00e4 asioista. Kuitenkin k\u00e4ytt\u00e4j\u00e4kokemukset liputtavat satiinin puolesta, joten otin harppauksen p\u00f6rr\u00f6koiramaailmaan ja julkaisin SATIN-pantamalliston vuonna 2014.<\/p>\n<p>V\u00e4rivalikoima on sama herkullinen yhdeksikk\u00f6 kuin Dimangissa ja Shinessa: pinkki, turkoosi, musta, punainen, vihre\u00e4, hopea, kulta, violetti ja oranssi.<\/p>\n<p>&nbsp;<\/p>\n<p>TUOTEKUVAT<\/p>\n<div id=\"attachment_723\" style=\"width: 280px\" class=\"wp-caption alignleft\"><a href=\"http:\/\/www.kanacollection.com\/wp-content\/uploads\/2014\/11\/WEBSatin-Pink.jpg\"><img aria-describedby=\"caption-attachment-723\" loading=\"lazy\" class=\"wp-image-723 size-thumbnail\" src=\"http:\/\/www.kanacollection.com\/wp-content\/uploads\/2014\/11\/WEBSatin-Pink-270x200.jpg\" alt=\"\" width=\"270\" height=\"200\" \/><\/a><p id=\"caption-attachment-723\" class=\"wp-caption-text\">SATIN Pink<\/p><\/div>\n<div id=\"attachment_731\" style=\"width: 280px\" class=\"wp-caption alignleft\"><a href=\"http:\/\/www.kanacollection.com\/wp-content\/uploads\/2014\/11\/WEBSatinTurq.jpg\"><img aria-describedby=\"caption-attachment-731\" loading=\"lazy\" class=\"wp-image-731 size-thumbnail\" src=\"http:\/\/www.kanacollection.com\/wp-content\/uploads\/2014\/11\/WEBSatinTurq-270x200.jpg\" alt=\"\" width=\"270\" height=\"200\" \/><\/a><p id=\"caption-attachment-731\" class=\"wp-caption-text\">SATIN Turquoise<\/p><\/div>\n<div id=\"attachment_730\" style=\"width: 280px\" class=\"wp-caption alignleft\"><a href=\"http:\/\/www.kanacollection.com\/wp-content\/uploads\/2014\/11\/WEBSatinBlack.jpg\"><img aria-describedby=\"caption-attachment-730\" loading=\"lazy\" class=\"wp-image-730 size-thumbnail\" src=\"http:\/\/www.kanacollection.com\/wp-content\/uploads\/2014\/11\/WEBSatinBlack-270x200.jpg\" alt=\"\" width=\"270\" height=\"200\" \/><\/a><p id=\"caption-attachment-730\" class=\"wp-caption-text\">SATIN Black<\/p><\/div>\n<div id=\"attachment_796\" style=\"width: 280px\" class=\"wp-caption alignleft\"><a href=\"http:\/\/www.kanacollection.com\/wp-content\/uploads\/2014\/01\/Satin-red.jpg\"><img aria-describedby=\"caption-attachment-796\" loading=\"lazy\" class=\"wp-image-796 size-thumbnail\" src=\"http:\/\/www.kanacollection.com\/wp-content\/uploads\/2014\/01\/Satin-red-270x200.jpg\" alt=\"\" width=\"270\" height=\"200\" \/><\/a><p id=\"caption-attachment-796\" class=\"wp-caption-text\">SATIN Red<\/p><\/div>\n<div id=\"attachment_1129\" style=\"width: 280px\" class=\"wp-caption alignleft\"><a href=\"http:\/\/www.kanacollection.com\/wp-content\/uploads\/2016\/08\/WEBsatinGreen.jpg\"><img aria-describedby=\"caption-attachment-1129\" loading=\"lazy\" class=\"wp-image-1129 size-thumbnail\" src=\"http:\/\/www.kanacollection.com\/wp-content\/uploads\/2016\/08\/WEBsatinGreen-270x200.jpg\" alt=\"\" width=\"270\" height=\"200\" \/><\/a><p id=\"caption-attachment-1129\" class=\"wp-caption-text\">SATIN Green<\/p><\/div>\n<div id=\"attachment_1130\" style=\"width: 280px\" class=\"wp-caption alignleft\"><a href=\"http:\/\/www.kanacollection.com\/wp-content\/uploads\/2016\/08\/WEBsatinSilver.jpg\"><img aria-describedby=\"caption-attachment-1130\" loading=\"lazy\" class=\"wp-image-1130 size-thumbnail\" src=\"http:\/\/www.kanacollection.com\/wp-content\/uploads\/2016\/08\/WEBsatinSilver-270x200.jpg\" alt=\"\" width=\"270\" height=\"200\" \/><\/a><p id=\"caption-attachment-1130\" class=\"wp-caption-text\">SATIN Silver<\/p><\/div>\n<div id=\"attachment_797\" style=\"width: 280px\" class=\"wp-caption alignleft\"><a href=\"http:\/\/www.kanacollection.com\/wp-content\/uploads\/2014\/01\/Satin-gold.jpg\"><img aria-describedby=\"caption-attachment-797\" loading=\"lazy\" class=\"wp-image-797 size-thumbnail\" src=\"http:\/\/www.kanacollection.com\/wp-content\/uploads\/2014\/01\/Satin-gold-270x200.jpg\" alt=\"\" width=\"270\" height=\"200\" \/><\/a><p id=\"caption-attachment-797\" class=\"wp-caption-text\">SATIN gold<\/p><\/div>\n<div id=\"attachment_724\" style=\"width: 280px\" class=\"wp-caption alignleft\"><a href=\"http:\/\/www.kanacollection.com\/wp-content\/uploads\/2014\/11\/WEBSatin-Violet.jpg\"><img aria-describedby=\"caption-attachment-724\" loading=\"lazy\" class=\"wp-image-724 size-thumbnail\" src=\"http:\/\/www.kanacollection.com\/wp-content\/uploads\/2014\/11\/WEBSatin-Violet-270x200.jpg\" alt=\"\" width=\"270\" height=\"200\" \/><\/a><p id=\"caption-attachment-724\" class=\"wp-caption-text\">SATIN Violet<\/p><\/div>\n<p><div id=\"attachment_1131\" style=\"width: 280px\" class=\"wp-caption alignleft\"><a href=\"http:\/\/www.kanacollection.com\/wp-content\/uploads\/2016\/08\/WEBsatinOrange.jpg\"><img aria-describedby=\"caption-attachment-1131\" loading=\"lazy\" class=\"wp-image-1131 size-thumbnail\" src=\"http:\/\/www.kanacollection.com\/wp-content\/uploads\/2016\/08\/WEBsatinOrange-270x200.jpg\" alt=\"\" width=\"270\" height=\"200\" \/><\/a><p id=\"caption-attachment-1131\" class=\"wp-caption-text\">SATIN Orange<\/p><\/div><\/p>","protected":false},"excerpt":{"rendered":"<p>SATIN-mallisto (2014) Dimangi- ja Shine-pannat olivat her\u00e4tt\u00e4neet runsaasti ihastusta heti syntym\u00e4st\u00e4\u00e4n alkaen. Ihanan tuntuinen loimusamettipehmuste helli useimpien koirien kauloja. Kuitenkin oli er\u00e4s koiraryhm\u00e4, joka j\u00e4i hieman paitsioon pantakaupoissa &#8211; p\u00f6rr\u00f6iset ja pitk\u00e4turkkiset koirat. Turkkikoirilla&#46;&#46;&#46;<\/p>\n","protected":false},"author":2,"featured_media":0,"parent":177,"menu_order":3,"comment_status":"closed","ping_status":"closed","template":"","meta":[],"_links":{"self":[{"href":"http:\/\/www.kanacollection.com\/sv\/wp-json\/wp\/v2\/pages\/1108"}],"collection":[{"href":"http:\/\/www.kanacollection.com\/sv\/wp-json\/wp\/v2\/pages"}],"about":[{"href":"http:\/\/www.kanacollection.com\/sv\/wp-json\/wp\/v2\/types\/page"}],"author":[{"embeddable":true,"href":"http:\/\/www.kanacollection.com\/sv\/wp-json\/wp\/v2\/users\/2"}],"replies":[{"embeddable":true,"href":"http:\/\/www.kanacollection.com\/sv\/wp-json\/wp\/v2\/comments?post=1108"}],"version-history":[{"count":12,"href":"http:\/\/www.kanacollection.com\/sv\/wp-json\/wp\/v2\/pages\/1108\/revisions"}],"predecessor-version":[{"id":1480,"href":"http:\/\/www.kanacollection.com\/sv\/wp-json\/wp\/v2\/pages\/1108\/revisions\/1480"}],"up":[{"embeddable":true,"href":"http:\/\/www.kanacollection.com\/sv\/wp-json\/wp\/v2\/pages\/177"}],"wp:attachment":[{"href":"http:\/\/www.kanacollection.com\/sv\/wp-json\/wp\/v2\/media?parent=1108"}],"curies":[{"name":"wp","href":"https:\/\/api.w.org\/{rel}","templated":true}]}}