
{"id":1100,"date":"2016-08-22T09:51:07","date_gmt":"2016-08-22T09:51:07","guid":{"rendered":"http:\/\/www.kanacollection.com\/?page_id=1100"},"modified":"2017-11-19T13:59:53","modified_gmt":"2017-11-19T13:59:53","slug":"shine","status":"publish","type":"page","link":"http:\/\/www.kanacollection.com\/sv\/collections\/pannat\/shine\/","title":{"rendered":"SHINE"},"content":{"rendered":"<p><div id=\"attachment_1101\" style=\"width: 396px\" class=\"wp-caption alignleft\"><a href=\"http:\/\/www.kanacollection.com\/wp-content\/uploads\/2016\/08\/VinhaWEB.jpg\"><img aria-describedby=\"caption-attachment-1101\" loading=\"lazy\" class=\"wp-image-1101\" src=\"http:\/\/www.kanacollection.com\/wp-content\/uploads\/2016\/08\/VinhaWEB.jpg\" alt=\"VinhaWEB\" width=\"386\" height=\"531\" srcset=\"http:\/\/www.kanacollection.com\/wp-content\/uploads\/2016\/08\/VinhaWEB.jpg 762w, http:\/\/www.kanacollection.com\/wp-content\/uploads\/2016\/08\/VinhaWEB-218x300.jpg 218w, http:\/\/www.kanacollection.com\/wp-content\/uploads\/2016\/08\/VinhaWEB-745x1024.jpg 745w\" sizes=\"(max-width: 386px) 100vw, 386px\" \/><\/a><p id=\"caption-attachment-1101\" class=\"wp-caption-text\">Mallikoira: Vinha<\/p><\/div><\/p>\n<p>SHINE-mallisto (2013)<\/p>\n<p>Kun Dimangi-mallisto oli hetken ollut myynniss\u00e4, alkoi tuntua silt\u00e4, ett\u00e4 tarvittaisiin pantamallisto arkisempaan makuun. P\u00e4\u00e4tin siisp\u00e4 j\u00e4tt\u00e4\u00e4 kristallit pois ja niin syntyi heijastinpantojen tehopehmo Shine.<\/p>\n<p>Aluksi Shine-pantoja tuli markkinoille kuusi v\u00e4ri\u00e4. Dimangeista tuttujen pinkin, turkoosin ja mustan rinnalle p\u00e4\u00e4tin ottaa pirte\u00e4n punaisen, herkullisen vihre\u00e4n ja harmonisen hopean.<\/p>\n<p>Vuonna 2015 joukkoon lis\u00e4\u00e4ntyi kulta ja kev\u00e4\u00e4ll\u00e4 2016 violetti ja oranssi.<\/p>\n<p>Puolikirist\u00e4v\u00e4t Shine-pannat ovat eritt\u00e4in suosittuja pehmeytens\u00e4, leveytens\u00e4 ja tehokkaiden 3M-heijastintensa ansiosta. Suuresta v\u00e4ri- ja kokovalikoimasta &#8211; 9 kumpaakin &#8211; \u00a0l\u00f6ytyy sopiva panta l\u00e4hestulkoon mille tahansa koiralle ja mihin tahansa fiilikseen. \ud83d\ude42<\/p>\n<p>Panta on helppo pit\u00e4\u00e4 puhtaana. Se laitetaan pesupussiin ja voidaan pest\u00e4 40\u00b0C:ssa kerran toisensa j\u00e4lkeen ja se tulee aina ulos kuin uutena. Pannan materiaalit eiv\u00e4t laske v\u00e4ri\u00e4 eiv\u00e4tk\u00e4 v\u00e4rj\u00e4\u00e4 koiran turkkia. V\u00e4ri my\u00f6s pysyy kauniina pesusta toiseen.<\/p>\n<p>Ei ole ollenkaan p\u00f6ll\u00f6mpi idea hankkia pari kolme pantaa kerralla. Kun yksi on pesussa, toinen on k\u00e4yt\u00f6ss\u00e4 ja kolmas viel\u00e4 treenilaukussa varalla.<\/p>\n<p>TUOTEKUVAT<\/p>\n<div id=\"attachment_735\" style=\"width: 280px\" class=\"wp-caption alignleft\"><a href=\"http:\/\/www.kanacollection.com\/wp-content\/uploads\/2014\/11\/WEBshinePink.jpg\"><img aria-describedby=\"caption-attachment-735\" loading=\"lazy\" class=\"wp-image-735 size-thumbnail\" src=\"http:\/\/www.kanacollection.com\/wp-content\/uploads\/2014\/11\/WEBshinePink-270x200.jpg\" alt=\"\" width=\"270\" height=\"200\" \/><\/a><p id=\"caption-attachment-735\" class=\"wp-caption-text\">SHINE Pink<\/p><\/div>\n<div id=\"attachment_795\" style=\"width: 280px\" class=\"wp-caption alignleft\"><a href=\"http:\/\/www.kanacollection.com\/wp-content\/uploads\/2014\/01\/Shine-turkoosi-Web.jpg\"><img aria-describedby=\"caption-attachment-795\" loading=\"lazy\" class=\"wp-image-795 size-thumbnail\" src=\"http:\/\/www.kanacollection.com\/wp-content\/uploads\/2014\/01\/Shine-turkoosi-Web-270x200.jpg\" alt=\"\" width=\"270\" height=\"200\" \/><\/a><p id=\"caption-attachment-795\" class=\"wp-caption-text\">SHINE Turquoise<\/p><\/div>\n<div id=\"attachment_732\" style=\"width: 280px\" class=\"wp-caption alignleft\"><a href=\"http:\/\/www.kanacollection.com\/wp-content\/uploads\/2014\/11\/WEBShineBlack.jpg\"><img aria-describedby=\"caption-attachment-732\" loading=\"lazy\" class=\"wp-image-732 size-thumbnail\" src=\"http:\/\/www.kanacollection.com\/wp-content\/uploads\/2014\/11\/WEBShineBlack-270x200.jpg\" alt=\"\" width=\"270\" height=\"200\" \/><\/a><p id=\"caption-attachment-732\" class=\"wp-caption-text\">SHINE Black<\/p><\/div>\n<div id=\"attachment_736\" style=\"width: 280px\" class=\"wp-caption alignleft\"><a href=\"http:\/\/www.kanacollection.com\/wp-content\/uploads\/2014\/11\/WEBShineRed.jpg\"><img aria-describedby=\"caption-attachment-736\" loading=\"lazy\" class=\"wp-image-736 size-thumbnail\" src=\"http:\/\/www.kanacollection.com\/wp-content\/uploads\/2014\/11\/WEBShineRed-270x200.jpg\" alt=\"\" width=\"270\" height=\"200\" \/><\/a><p id=\"caption-attachment-736\" class=\"wp-caption-text\">SHINE Red<\/p><\/div>\n<div id=\"attachment_734\" style=\"width: 280px\" class=\"wp-caption alignleft\"><a href=\"http:\/\/www.kanacollection.com\/wp-content\/uploads\/2014\/11\/WEBShineGreen.jpg\"><img aria-describedby=\"caption-attachment-734\" loading=\"lazy\" class=\"wp-image-734 size-thumbnail\" src=\"http:\/\/www.kanacollection.com\/wp-content\/uploads\/2014\/11\/WEBShineGreen-270x200.jpg\" alt=\"\" width=\"270\" height=\"200\" \/><\/a><p id=\"caption-attachment-734\" class=\"wp-caption-text\">SHINE Green<\/p><\/div>\n<div id=\"attachment_737\" style=\"width: 280px\" class=\"wp-caption alignleft\"><a href=\"http:\/\/www.kanacollection.com\/wp-content\/uploads\/2014\/11\/WEBShineSilver.jpg\"><img aria-describedby=\"caption-attachment-737\" loading=\"lazy\" class=\"wp-image-737 size-thumbnail\" src=\"http:\/\/www.kanacollection.com\/wp-content\/uploads\/2014\/11\/WEBShineSilver-270x200.jpg\" alt=\"\" width=\"270\" height=\"200\" \/><\/a><p id=\"caption-attachment-737\" class=\"wp-caption-text\">SHINE Silver<\/p><\/div>\n<div id=\"attachment_733\" style=\"width: 280px\" class=\"wp-caption alignleft\"><a href=\"http:\/\/www.kanacollection.com\/wp-content\/uploads\/2014\/11\/WEBShineGold.jpg\"><img aria-describedby=\"caption-attachment-733\" loading=\"lazy\" class=\"wp-image-733 size-thumbnail\" src=\"http:\/\/www.kanacollection.com\/wp-content\/uploads\/2014\/11\/WEBShineGold-270x200.jpg\" alt=\"\" width=\"270\" height=\"200\" \/><\/a><p id=\"caption-attachment-733\" class=\"wp-caption-text\">SHINE Gold<\/p><\/div>\n<div id=\"attachment_1126\" style=\"width: 280px\" class=\"wp-caption alignleft\"><a href=\"http:\/\/www.kanacollection.com\/wp-content\/uploads\/2016\/08\/WEBshineViolet.jpg\"><img aria-describedby=\"caption-attachment-1126\" loading=\"lazy\" class=\"wp-image-1126 size-thumbnail\" src=\"http:\/\/www.kanacollection.com\/wp-content\/uploads\/2016\/08\/WEBshineViolet-270x200.jpg\" alt=\"\" width=\"270\" height=\"200\" \/><\/a><p id=\"caption-attachment-1126\" class=\"wp-caption-text\">SHINE Violet<\/p><\/div>\n<p><div id=\"attachment_1127\" style=\"width: 280px\" class=\"wp-caption alignleft\"><a href=\"http:\/\/www.kanacollection.com\/wp-content\/uploads\/2016\/08\/WEBshineOrange.jpg\"><img aria-describedby=\"caption-attachment-1127\" loading=\"lazy\" class=\"wp-image-1127 size-thumbnail\" src=\"http:\/\/www.kanacollection.com\/wp-content\/uploads\/2016\/08\/WEBshineOrange-270x200.jpg\" alt=\"\" width=\"270\" height=\"200\" \/><\/a><p id=\"caption-attachment-1127\" class=\"wp-caption-text\">SHINE Orange<\/p><\/div><\/p>","protected":false},"excerpt":{"rendered":"<p>SHINE-mallisto (2013) Kun Dimangi-mallisto oli hetken ollut myynniss\u00e4, alkoi tuntua silt\u00e4, ett\u00e4 tarvittaisiin pantamallisto arkisempaan makuun. P\u00e4\u00e4tin siisp\u00e4 j\u00e4tt\u00e4\u00e4 kristallit pois ja niin syntyi heijastinpantojen tehopehmo Shine. Aluksi Shine-pantoja tuli markkinoille kuusi v\u00e4ri\u00e4. Dimangeista&#46;&#46;&#46;<\/p>\n","protected":false},"author":2,"featured_media":0,"parent":177,"menu_order":2,"comment_status":"closed","ping_status":"closed","template":"","meta":[],"_links":{"self":[{"href":"http:\/\/www.kanacollection.com\/sv\/wp-json\/wp\/v2\/pages\/1100"}],"collection":[{"href":"http:\/\/www.kanacollection.com\/sv\/wp-json\/wp\/v2\/pages"}],"about":[{"href":"http:\/\/www.kanacollection.com\/sv\/wp-json\/wp\/v2\/types\/page"}],"author":[{"embeddable":true,"href":"http:\/\/www.kanacollection.com\/sv\/wp-json\/wp\/v2\/users\/2"}],"replies":[{"embeddable":true,"href":"http:\/\/www.kanacollection.com\/sv\/wp-json\/wp\/v2\/comments?post=1100"}],"version-history":[{"count":15,"href":"http:\/\/www.kanacollection.com\/sv\/wp-json\/wp\/v2\/pages\/1100\/revisions"}],"predecessor-version":[{"id":1537,"href":"http:\/\/www.kanacollection.com\/sv\/wp-json\/wp\/v2\/pages\/1100\/revisions\/1537"}],"up":[{"embeddable":true,"href":"http:\/\/www.kanacollection.com\/sv\/wp-json\/wp\/v2\/pages\/177"}],"wp:attachment":[{"href":"http:\/\/www.kanacollection.com\/sv\/wp-json\/wp\/v2\/media?parent=1100"}],"curies":[{"name":"wp","href":"https:\/\/api.w.org\/{rel}","templated":true}]}}