
{"id":1020,"date":"2016-06-11T10:34:15","date_gmt":"2016-06-11T10:34:15","guid":{"rendered":"http:\/\/www.kanacollection.com\/?page_id=1020"},"modified":"2017-11-19T14:02:15","modified_gmt":"2017-11-19T14:02:15","slug":"dimangi","status":"publish","type":"page","link":"http:\/\/www.kanacollection.com\/sv\/collections\/pannat\/dimangi\/","title":{"rendered":"DIMANGI"},"content":{"rendered":"<p>DIMANGI-mallisto (2013)<a href=\"http:\/\/www.kanacollection.com\/wp-content\/uploads\/2016\/06\/AnnieWEB.jpg\"><img loading=\"lazy\" class=\"alignright wp-image-1048 \" src=\"http:\/\/www.kanacollection.com\/wp-content\/uploads\/2016\/06\/AnnieWEB.jpg\" alt=\"AnnieWEB\" width=\"433\" height=\"495\" srcset=\"http:\/\/www.kanacollection.com\/wp-content\/uploads\/2016\/06\/AnnieWEB.jpg 853w, http:\/\/www.kanacollection.com\/wp-content\/uploads\/2016\/06\/AnnieWEB-262x300.jpg 262w\" sizes=\"(max-width: 433px) 100vw, 433px\" \/><\/a><\/p>\n<p>Kana Collectionin ensimm\u00e4inen, laajaan j\u00e4lleenmyyntiin suunniteltu pantamalli n\u00e4ki p\u00e4iv\u00e4nvalon vuonna 2013. Leveille, pehmeille, heijastimellisille ja laadukkaille pannoille vallitsi markkinoilla aivan selv\u00e4 tyhji\u00f6. Kana oli valmistanut k\u00e4sity\u00f6l\u00e4isen\u00e4 yksityisasiakkaille kyseisenlaisia pantoja jo vuodesta 2009 ja suuren kysynn\u00e4n edess\u00e4 p\u00e4\u00e4tti luoda my\u00f6s el\u00e4intarvikeliikkeille suunnatun malliston. Dimangi-mallisto aloitti kolmella v\u00e4rill\u00e4: pinkki, turkoosi ja musta, jotka ovat vuosien aikana saaneet rinnalleen kuusi muuta herkullista v\u00e4ri\u00e4.<\/p>\n<p>Dimangi-pantojen, kuten muidenkin Kana Collectionin varusteiden kulmakivet ovat:<\/p>\n<p><em>turvallisuus eli laadukkaat materiaalit ja ompeluty\u00f6 sek\u00e4 3M heijastin<\/em><\/p>\n<p><em>mukavuus eli pehmeys ja leveys<\/em><\/p>\n<p><em>kest\u00e4vyys ja pest\u00e4vyys <\/em><\/p>\n<p><em>valtavirrasta poikkeava tyylikkyys<\/em><\/p>\n<p><a href=\"http:\/\/www.kanacollection.com\/wp-content\/uploads\/2016\/06\/TucoWEB.jpg\"><img loading=\"lazy\" class=\"wp-image-1022 alignnone\" src=\"http:\/\/www.kanacollection.com\/wp-content\/uploads\/2016\/06\/TucoWEB-296x300.jpg\" alt=\"TucoWEB\" width=\"399\" height=\"404\" srcset=\"http:\/\/www.kanacollection.com\/wp-content\/uploads\/2016\/06\/TucoWEB-296x300.jpg 296w, http:\/\/www.kanacollection.com\/wp-content\/uploads\/2016\/06\/TucoWEB.jpg 921w\" sizes=\"(max-width: 399px) 100vw, 399px\" \/><img loading=\"lazy\" class=\"alignright wp-image-4 \" src=\"http:\/\/www.kanacollection.com\/wp-content\/uploads\/2014\/01\/dimangi.jpg\" alt=\"dimangi\" width=\"487\" height=\"397\" srcset=\"http:\/\/www.kanacollection.com\/wp-content\/uploads\/2014\/01\/dimangi.jpg 2159w, http:\/\/www.kanacollection.com\/wp-content\/uploads\/2014\/01\/dimangi-300x244.jpg 300w, http:\/\/www.kanacollection.com\/wp-content\/uploads\/2014\/01\/dimangi-1024x834.jpg 1024w\" sizes=\"(max-width: 487px) 100vw, 487px\" \/><\/a><\/p>\n<p><strong>TUOTEKUVAT<\/strong><\/p>\n<div id=\"attachment_532\" style=\"width: 280px\" class=\"wp-caption alignleft\"><a href=\"http:\/\/www.kanacollection.com\/wp-content\/uploads\/2014\/01\/DIM-pinkki-panta.jpg\"><img aria-describedby=\"caption-attachment-532\" loading=\"lazy\" class=\"wp-image-532 size-thumbnail\" src=\"http:\/\/www.kanacollection.com\/wp-content\/uploads\/2014\/01\/DIM-pinkki-panta-270x200.jpg\" alt=\"DIM pinkki panta\" width=\"270\" height=\"200\" \/><\/a><p id=\"caption-attachment-532\" class=\"wp-caption-text\">DIMANGI Pink<\/p><\/div>\n<div id=\"attachment_533\" style=\"width: 280px\" class=\"wp-caption alignleft\"><a href=\"http:\/\/www.kanacollection.com\/wp-content\/uploads\/2014\/01\/DIM-turkoosi-panta.jpg\"><img aria-describedby=\"caption-attachment-533\" loading=\"lazy\" class=\"wp-image-533 size-thumbnail\" src=\"http:\/\/www.kanacollection.com\/wp-content\/uploads\/2014\/01\/DIM-turkoosi-panta-270x200.jpg\" alt=\"DIM turkoosi panta\" width=\"270\" height=\"200\" \/><\/a><p id=\"caption-attachment-533\" class=\"wp-caption-text\">DIMANGI Turquoise<\/p><\/div>\n<div id=\"attachment_535\" style=\"width: 280px\" class=\"wp-caption alignleft\"><a href=\"http:\/\/www.kanacollection.com\/wp-content\/uploads\/2014\/01\/DIM-musta-panta.jpg\"><img aria-describedby=\"caption-attachment-535\" loading=\"lazy\" class=\"wp-image-535 size-thumbnail\" src=\"http:\/\/www.kanacollection.com\/wp-content\/uploads\/2014\/01\/DIM-musta-panta-270x200.jpg\" alt=\"\" width=\"270\" height=\"200\" \/><\/a><p id=\"caption-attachment-535\" class=\"wp-caption-text\">DIMANGI Black<\/p><\/div>\n<div id=\"attachment_717\" style=\"width: 280px\" class=\"wp-caption alignleft\"><a href=\"http:\/\/www.kanacollection.com\/wp-content\/uploads\/2014\/11\/WebDimangi-Red1.jpg\"><img aria-describedby=\"caption-attachment-717\" loading=\"lazy\" class=\"wp-image-717 size-thumbnail\" src=\"http:\/\/www.kanacollection.com\/wp-content\/uploads\/2014\/11\/WebDimangi-Red1-270x200.jpg\" alt=\"\" width=\"270\" height=\"200\" \/><\/a><p id=\"caption-attachment-717\" class=\"wp-caption-text\">DIMANGI Red<\/p><\/div>\n<div id=\"attachment_714\" style=\"width: 280px\" class=\"wp-caption alignleft\"><a href=\"http:\/\/www.kanacollection.com\/wp-content\/uploads\/2014\/11\/WEBDimangi-Green.jpg\"><img aria-describedby=\"caption-attachment-714\" loading=\"lazy\" class=\"wp-image-714 size-thumbnail\" src=\"http:\/\/www.kanacollection.com\/wp-content\/uploads\/2014\/11\/WEBDimangi-Green-270x200.jpg\" alt=\"\" width=\"270\" height=\"200\" \/><\/a><p id=\"caption-attachment-714\" class=\"wp-caption-text\">DIMANGI Green<\/p><\/div>\n<div id=\"attachment_718\" style=\"width: 280px\" class=\"wp-caption alignleft\"><a href=\"http:\/\/www.kanacollection.com\/wp-content\/uploads\/2014\/11\/WEBDimangi-Silver.jpg\"><img aria-describedby=\"caption-attachment-718\" loading=\"lazy\" class=\"wp-image-718 size-thumbnail\" src=\"http:\/\/www.kanacollection.com\/wp-content\/uploads\/2014\/11\/WEBDimangi-Silver-270x200.jpg\" alt=\"\" width=\"270\" height=\"200\" \/><\/a><p id=\"caption-attachment-718\" class=\"wp-caption-text\">DIMANGI Silver<\/p><\/div>\n<div id=\"attachment_701\" style=\"width: 280px\" class=\"wp-caption alignleft\"><a href=\"http:\/\/www.kanacollection.com\/wp-content\/uploads\/2015\/04\/Dimangi-Gold.jpg\"><img aria-describedby=\"caption-attachment-701\" loading=\"lazy\" class=\"wp-image-701 size-thumbnail\" src=\"http:\/\/www.kanacollection.com\/wp-content\/uploads\/2015\/04\/Dimangi-Gold-270x200.jpg\" alt=\"\" width=\"270\" height=\"200\" \/><\/a><p id=\"caption-attachment-701\" class=\"wp-caption-text\">DIMANGI Gold<\/p><\/div>\n<div id=\"attachment_1123\" style=\"width: 280px\" class=\"wp-caption alignleft\"><a href=\"http:\/\/www.kanacollection.com\/wp-content\/uploads\/2016\/06\/WEBdimangiViolet.jpg\"><img aria-describedby=\"caption-attachment-1123\" loading=\"lazy\" class=\"wp-image-1123 size-thumbnail\" src=\"http:\/\/www.kanacollection.com\/wp-content\/uploads\/2016\/06\/WEBdimangiViolet-270x200.jpg\" alt=\"\" width=\"270\" height=\"200\" \/><\/a><p id=\"caption-attachment-1123\" class=\"wp-caption-text\">DIMANGI Violet<\/p><\/div>\n<p><div id=\"attachment_1124\" style=\"width: 280px\" class=\"wp-caption alignleft\"><a href=\"http:\/\/www.kanacollection.com\/wp-content\/uploads\/2016\/06\/WEBdimangiOrange.jpg\"><img aria-describedby=\"caption-attachment-1124\" loading=\"lazy\" class=\"wp-image-1124 size-thumbnail\" src=\"http:\/\/www.kanacollection.com\/wp-content\/uploads\/2016\/06\/WEBdimangiOrange-270x200.jpg\" alt=\"\" width=\"270\" height=\"200\" \/><\/a><p id=\"caption-attachment-1124\" class=\"wp-caption-text\">DIMANGI Orange<\/p><\/div><\/p>","protected":false},"excerpt":{"rendered":"<p>DIMANGI-mallisto (2013) Kana Collectionin ensimm\u00e4inen, laajaan j\u00e4lleenmyyntiin suunniteltu pantamalli n\u00e4ki p\u00e4iv\u00e4nvalon vuonna 2013. Leveille, pehmeille, heijastimellisille ja laadukkaille pannoille vallitsi markkinoilla aivan selv\u00e4 tyhji\u00f6. Kana oli valmistanut k\u00e4sity\u00f6l\u00e4isen\u00e4 yksityisasiakkaille kyseisenlaisia pantoja jo vuodesta 2009&#46;&#46;&#46;<\/p>\n","protected":false},"author":2,"featured_media":0,"parent":177,"menu_order":0,"comment_status":"closed","ping_status":"closed","template":"","meta":[],"_links":{"self":[{"href":"http:\/\/www.kanacollection.com\/sv\/wp-json\/wp\/v2\/pages\/1020"}],"collection":[{"href":"http:\/\/www.kanacollection.com\/sv\/wp-json\/wp\/v2\/pages"}],"about":[{"href":"http:\/\/www.kanacollection.com\/sv\/wp-json\/wp\/v2\/types\/page"}],"author":[{"embeddable":true,"href":"http:\/\/www.kanacollection.com\/sv\/wp-json\/wp\/v2\/users\/2"}],"replies":[{"embeddable":true,"href":"http:\/\/www.kanacollection.com\/sv\/wp-json\/wp\/v2\/comments?post=1020"}],"version-history":[{"count":17,"href":"http:\/\/www.kanacollection.com\/sv\/wp-json\/wp\/v2\/pages\/1020\/revisions"}],"predecessor-version":[{"id":1538,"href":"http:\/\/www.kanacollection.com\/sv\/wp-json\/wp\/v2\/pages\/1020\/revisions\/1538"}],"up":[{"embeddable":true,"href":"http:\/\/www.kanacollection.com\/sv\/wp-json\/wp\/v2\/pages\/177"}],"wp:attachment":[{"href":"http:\/\/www.kanacollection.com\/sv\/wp-json\/wp\/v2\/media?parent=1020"}],"curies":[{"name":"wp","href":"https:\/\/api.w.org\/{rel}","templated":true}]}}