
{"id":1008,"date":"2016-06-10T12:09:36","date_gmt":"2016-06-10T12:09:36","guid":{"rendered":"http:\/\/www.kanacollection.com\/?page_id=1008"},"modified":"2017-11-18T16:33:38","modified_gmt":"2017-11-18T16:33:38","slug":"special-editions","status":"publish","type":"page","link":"http:\/\/www.kanacollection.com\/sv\/collections\/special-editions\/","title":{"rendered":"Special Editions"},"content":{"rendered":"<p><strong>Special Editions<\/strong><\/p>\n<p>J\u00e4nnitt\u00e4vi\u00e4, pieni\u00e4 eri\u00e4 erikoistuotteita, joita on saatavilla hyvin rajoitettu m\u00e4\u00e4r\u00e4 vain tietyist\u00e4 Wingsta-liikkeist\u00e4.<\/p>\n<p><strong>LEOPARDI-DIMANGI<\/strong> -pannat<\/p>\n<p>Luxus-luokan lyhytkarvainen leopardikuvioinen pehmokangas ja s\u00e4vyyn sopivat kristallit k\u00e4\u00e4nt\u00e4v\u00e4t katseet kenelt\u00e4 tahansa!<\/p>\n<p><strong>Myynniss\u00e4 seuraavilla Wingstoilla<\/strong> niin kauan kuin niit\u00e4 riitt\u00e4\u00e4:<\/p>\n<p><strong>HKI<\/strong>:\u00a0<a href=\"http:\/\/www.keskustanelainkauppa.com\">Keskustan el\u00e4inkauppa<br \/>\n<\/a><\/p>\n<p><strong>Vantaa<\/strong>:\u00a0<a href=\"http:\/\/www.koirakeidas.com\">Koirakeidas<\/a><\/p>\n<p><strong>Hyvink\u00e4\u00e4<\/strong>:\u00a0<a href=\"http:\/\/www.salamanteri.info\">Salamanteri<\/a><\/p>\n<p><strong>Kotka<\/strong>:\u00a0<a href=\"http:\/\/www.petstorekotka.fi\">Pet Store<\/a><\/p>\n<p><strong>Pornainen<\/strong>:\u00a0<a href=\"http:\/\/www.fastdog.fi\">El\u00e4intarvike Fast Dog<\/a><\/p>\n<p><strong>Sastamala<\/strong>:\u00a0<a href=\"http:\/\/www.haukkis.fi\">Haukkis<\/a><\/p>\n<p>&nbsp;<\/p>\n<p><a href=\"http:\/\/www.kanacollection.com\/wp-content\/uploads\/2016\/06\/LeopardiDimangitWEB.jpg\"><img loading=\"lazy\" class=\"size-large wp-image-1012 alignnone\" src=\"http:\/\/www.kanacollection.com\/wp-content\/uploads\/2016\/06\/LeopardiDimangitWEB-1024x686.jpg\" alt=\"LeopardiDimangitWEB\" width=\"720\" height=\"482\" srcset=\"http:\/\/www.kanacollection.com\/wp-content\/uploads\/2016\/06\/LeopardiDimangitWEB-1024x686.jpg 1024w, http:\/\/www.kanacollection.com\/wp-content\/uploads\/2016\/06\/LeopardiDimangitWEB-300x201.jpg 300w, http:\/\/www.kanacollection.com\/wp-content\/uploads\/2016\/06\/LeopardiDimangitWEB.jpg 1272w\" sizes=\"(max-width: 720px) 100vw, 720px\" \/><\/a><\/p>\n<p><a href=\"http:\/\/www.kanacollection.com\/wp-content\/uploads\/2016\/06\/LeopardiDimKOIRATWEB.jpg\"><img loading=\"lazy\" class=\"size-large wp-image-1013 alignnone\" src=\"http:\/\/www.kanacollection.com\/wp-content\/uploads\/2016\/06\/LeopardiDimKOIRATWEB-1024x713.jpg\" alt=\"LeopardiDimKOIRATWEB\" width=\"720\" height=\"501\" srcset=\"http:\/\/www.kanacollection.com\/wp-content\/uploads\/2016\/06\/LeopardiDimKOIRATWEB-1024x713.jpg 1024w, http:\/\/www.kanacollection.com\/wp-content\/uploads\/2016\/06\/LeopardiDimKOIRATWEB-300x209.jpg 300w, http:\/\/www.kanacollection.com\/wp-content\/uploads\/2016\/06\/LeopardiDimKOIRATWEB.jpg 1166w\" sizes=\"(max-width: 720px) 100vw, 720px\" \/><\/a><\/p>\n<p>&nbsp;<\/p>\n<p>&nbsp;<\/p>","protected":false},"excerpt":{"rendered":"<p>Special Editions J\u00e4nnitt\u00e4vi\u00e4, pieni\u00e4 eri\u00e4 erikoistuotteita, joita on saatavilla hyvin rajoitettu m\u00e4\u00e4r\u00e4 vain tietyist\u00e4 Wingsta-liikkeist\u00e4. LEOPARDI-DIMANGI -pannat Luxus-luokan lyhytkarvainen leopardikuvioinen pehmokangas ja s\u00e4vyyn sopivat kristallit k\u00e4\u00e4nt\u00e4v\u00e4t katseet kenelt\u00e4 tahansa! Myynniss\u00e4 seuraavilla Wingstoilla niin kauan&#46;&#46;&#46;<\/p>\n","protected":false},"author":2,"featured_media":0,"parent":87,"menu_order":4,"comment_status":"closed","ping_status":"closed","template":"page-templates\/child-menu.php","meta":[],"_links":{"self":[{"href":"http:\/\/www.kanacollection.com\/sv\/wp-json\/wp\/v2\/pages\/1008"}],"collection":[{"href":"http:\/\/www.kanacollection.com\/sv\/wp-json\/wp\/v2\/pages"}],"about":[{"href":"http:\/\/www.kanacollection.com\/sv\/wp-json\/wp\/v2\/types\/page"}],"author":[{"embeddable":true,"href":"http:\/\/www.kanacollection.com\/sv\/wp-json\/wp\/v2\/users\/2"}],"replies":[{"embeddable":true,"href":"http:\/\/www.kanacollection.com\/sv\/wp-json\/wp\/v2\/comments?post=1008"}],"version-history":[{"count":17,"href":"http:\/\/www.kanacollection.com\/sv\/wp-json\/wp\/v2\/pages\/1008\/revisions"}],"predecessor-version":[{"id":1513,"href":"http:\/\/www.kanacollection.com\/sv\/wp-json\/wp\/v2\/pages\/1008\/revisions\/1513"}],"up":[{"embeddable":true,"href":"http:\/\/www.kanacollection.com\/sv\/wp-json\/wp\/v2\/pages\/87"}],"wp:attachment":[{"href":"http:\/\/www.kanacollection.com\/sv\/wp-json\/wp\/v2\/media?parent=1008"}],"curies":[{"name":"wp","href":"https:\/\/api.w.org\/{rel}","templated":true}]}}