
{"id":220,"date":"2014-03-04T11:40:24","date_gmt":"2014-03-04T11:40:24","guid":{"rendered":"http:\/\/www.kanacollection.com\/?page_id=220"},"modified":"2020-05-15T06:52:45","modified_gmt":"2020-05-15T06:52:45","slug":"handmade-pannat","status":"publish","type":"page","link":"http:\/\/www.kanacollection.com\/en\/handmade-pannat\/","title":{"rendered":"Handmade dog gear"},"content":{"rendered":"<p><!--[et_pb_section fullwidth=\"on\" inner_shadow=\"off\" parallax=\"off\" transparent_background=\"off\" parallax_method=\"off\" background_image=\"http:\/\/www.kanacollection.com\/wp-content\/uploads\/2014\/03\/DSC_6863.jpg\"][et_pb_fullwidth_header admin_label=\"Fullwidth Header\" title=\"Handmade-pannat \" background_layout=\"dark\" text_orientation=\"left\" module_class=\"producttitle\" subhead=\"Mittatilauksella juuri sinun koiralle sopiva &lt;3\" \/][\/et_pb_section][et_pb_section fullwidth=\"off\" specialty=\"off\"][et_pb_row][et_pb_column type=\"4_4\"][et_pb_text admin_label=\"Text\" background_layout=\"light\" text_orientation=\"left\"]--><\/p>\n<p>Kana has made tailored dog collars, leashes and harnesses for thousands of customers since 2009. And still does \ud83d\ude42<\/p>\n<p>If you want to order something special and unique please contact her through her FB-page &#8211; <a href=\"https:\/\/www.facebook.com\/Kanashop-103893779645612\/\">Kanashop<\/a>. On that page you can dive into to the soft, colorful and stylish heaven of handmade dog gear. Check out the photo albums to get inspired and then drop a message into Kanashop&#8217;s message box.<\/p>\n<p>The prices for handmade products start from 30\u20ac.<\/p>\n<p><a href=\"https:\/\/www.facebook.com\/Kanashop-103893779645612\/\">Kanashop<\/a> on Facebook<\/p>\n<p>&nbsp;<\/p>\n\n\t\t<style type=\"text\/css\">\n\t\t\t#gallery-2 {\n\t\t\t\tmargin: auto;\n\t\t\t}\n\t\t\t#gallery-2 .gallery-item {\n\t\t\t\tfloat: left;\n\t\t\t\tmargin-top: 10px;\n\t\t\t\ttext-align: center;\n\t\t\t\twidth: 25%;\n\t\t\t}\n\t\t\t#gallery-2 img {\n\t\t\t\tborder: 2px solid #cfcfcf;\n\t\t\t}\n\t\t\t#gallery-2 .gallery-caption {\n\t\t\t\tmargin-left: 0;\n\t\t\t}\n\t\t\t\/* see gallery_shortcode() in wp-includes\/media.php *\/\n\t\t<\/style>\n\t\t<div id='gallery-2' class='gallery galleryid-220 gallery-columns-4 gallery-size-thumbnail'><dl class='gallery-item'>\n\t\t\t<dt class='gallery-icon landscape'>\n\t\t\t\t<a href='http:\/\/www.kanacollection.com\/wp-content\/uploads\/2014\/03\/DSC_6485.jpeg'><img width=\"270\" height=\"200\" src=\"http:\/\/www.kanacollection.com\/wp-content\/uploads\/2014\/03\/DSC_6485-270x200.jpeg\" class=\"attachment-thumbnail size-thumbnail\" alt=\"Teksti\" loading=\"lazy\" aria-describedby=\"gallery-2-508\" \/><\/a>\n\t\t\t<\/dt>\n\t\t\t\t<dd class='wp-caption-text gallery-caption' id='gallery-2-508'>\n\t\t\t\tTimanttisia herkkuja\n\t\t\t\t<\/dd><\/dl><dl class='gallery-item'>\n\t\t\t<dt class='gallery-icon landscape'>\n\t\t\t\t<a href='http:\/\/www.kanacollection.com\/wp-content\/uploads\/2014\/03\/DSC_6709.jpeg'><img width=\"270\" height=\"200\" src=\"http:\/\/www.kanacollection.com\/wp-content\/uploads\/2014\/03\/DSC_6709-270x200.jpeg\" class=\"attachment-thumbnail size-thumbnail\" alt=\"\" loading=\"lazy\" aria-describedby=\"gallery-2-509\" \/><\/a>\n\t\t\t<\/dt>\n\t\t\t\t<dd class='wp-caption-text gallery-caption' id='gallery-2-509'>\n\t\t\t\tSieni\u00e4 raitojen kera\n\t\t\t\t<\/dd><\/dl><dl class='gallery-item'>\n\t\t\t<dt class='gallery-icon landscape'>\n\t\t\t\t<a href='http:\/\/www.kanacollection.com\/wp-content\/uploads\/2014\/03\/DSC_7172.jpeg'><img width=\"270\" height=\"200\" src=\"http:\/\/www.kanacollection.com\/wp-content\/uploads\/2014\/03\/DSC_7172-270x200.jpeg\" class=\"attachment-thumbnail size-thumbnail\" alt=\"\" loading=\"lazy\" aria-describedby=\"gallery-2-511\" \/><\/a>\n\t\t\t<\/dt>\n\t\t\t\t<dd class='wp-caption-text gallery-caption' id='gallery-2-511'>\n\t\t\t\tMets\u00e4n el\u00e4inkaverit\n\t\t\t\t<\/dd><\/dl><dl class='gallery-item'>\n\t\t\t<dt class='gallery-icon landscape'>\n\t\t\t\t<a href='http:\/\/www.kanacollection.com\/wp-content\/uploads\/2014\/03\/DSC_8256.jpeg'><img width=\"270\" height=\"200\" src=\"http:\/\/www.kanacollection.com\/wp-content\/uploads\/2014\/03\/DSC_8256-270x200.jpeg\" class=\"attachment-thumbnail size-thumbnail\" alt=\"\" loading=\"lazy\" aria-describedby=\"gallery-2-512\" \/><\/a>\n\t\t\t<\/dt>\n\t\t\t\t<dd class='wp-caption-text gallery-caption' id='gallery-2-512'>\n\t\t\t\tV\u00e4rik\u00e4st\u00e4 ja timanttista\n\t\t\t\t<\/dd><\/dl><br style=\"clear: both\" \/><dl class='gallery-item'>\n\t\t\t<dt class='gallery-icon landscape'>\n\t\t\t\t<a href='http:\/\/www.kanacollection.com\/wp-content\/uploads\/2014\/03\/DSC_8260.jpeg'><img width=\"270\" height=\"200\" src=\"http:\/\/www.kanacollection.com\/wp-content\/uploads\/2014\/03\/DSC_8260-270x200.jpeg\" class=\"attachment-thumbnail size-thumbnail\" alt=\"\" loading=\"lazy\" aria-describedby=\"gallery-2-513\" \/><\/a>\n\t\t\t<\/dt>\n\t\t\t\t<dd class='wp-caption-text gallery-caption' id='gallery-2-513'>\n\t\t\t\tPiraatti ja Britti\n\t\t\t\t<\/dd><\/dl><dl class='gallery-item'>\n\t\t\t<dt class='gallery-icon landscape'>\n\t\t\t\t<a href='http:\/\/www.kanacollection.com\/wp-content\/uploads\/2014\/03\/DSC_8312.jpeg'><img width=\"270\" height=\"200\" src=\"http:\/\/www.kanacollection.com\/wp-content\/uploads\/2014\/03\/DSC_8312-270x200.jpeg\" class=\"attachment-thumbnail size-thumbnail\" alt=\"\" loading=\"lazy\" aria-describedby=\"gallery-2-514\" \/><\/a>\n\t\t\t<\/dt>\n\t\t\t\t<dd class='wp-caption-text gallery-caption' id='gallery-2-514'>\n\t\t\t\tMoro kissa -pantoja\n\t\t\t\t<\/dd><\/dl><dl class='gallery-item'>\n\t\t\t<dt class='gallery-icon landscape'>\n\t\t\t\t<a href='http:\/\/www.kanacollection.com\/wp-content\/uploads\/2014\/03\/DSC_8623.jpeg'><img width=\"270\" height=\"200\" src=\"http:\/\/www.kanacollection.com\/wp-content\/uploads\/2014\/03\/DSC_8623-270x200.jpeg\" class=\"attachment-thumbnail size-thumbnail\" alt=\"\" loading=\"lazy\" aria-describedby=\"gallery-2-516\" \/><\/a>\n\t\t\t<\/dt>\n\t\t\t\t<dd class='wp-caption-text gallery-caption' id='gallery-2-516'>\n\t\t\t\tP\u00f6ll\u00f6j\u00e4 kansalle\n\t\t\t\t<\/dd><\/dl><dl class='gallery-item'>\n\t\t\t<dt class='gallery-icon landscape'>\n\t\t\t\t<a href='http:\/\/www.kanacollection.com\/wp-content\/uploads\/2014\/03\/DSC_8776.jpeg'><img width=\"270\" height=\"200\" src=\"http:\/\/www.kanacollection.com\/wp-content\/uploads\/2014\/03\/DSC_8776-270x200.jpeg\" class=\"attachment-thumbnail size-thumbnail\" alt=\"\" loading=\"lazy\" aria-describedby=\"gallery-2-517\" \/><\/a>\n\t\t\t<\/dt>\n\t\t\t\t<dd class='wp-caption-text gallery-caption' id='gallery-2-517'>\n\t\t\t\tJalokivi\u00e4\n\t\t\t\t<\/dd><\/dl><br style=\"clear: both\" \/><dl class='gallery-item'>\n\t\t\t<dt class='gallery-icon landscape'>\n\t\t\t\t<a href='http:\/\/www.kanacollection.com\/wp-content\/uploads\/2014\/03\/DSC_8874.jpeg'><img width=\"270\" height=\"200\" src=\"http:\/\/www.kanacollection.com\/wp-content\/uploads\/2014\/03\/DSC_8874-270x200.jpeg\" class=\"attachment-thumbnail size-thumbnail\" alt=\"\" loading=\"lazy\" aria-describedby=\"gallery-2-518\" \/><\/a>\n\t\t\t<\/dt>\n\t\t\t\t<dd class='wp-caption-text gallery-caption' id='gallery-2-518'>\n\t\t\t\tJuhlaan kaulukset ja rusetti\n\t\t\t\t<\/dd><\/dl>\n\t\t\t<br style='clear: both' \/>\n\t\t<\/div>\n\n<p><!-- [\/et_pb_text][\/et_pb_column][\/et_pb_row][et_pb_row][et_pb_column type=\"4_4\"][et_pb_gallery admin_label=\"Gallery\" gallery_ids=\"402,403,404,405,406,407,408,409,410,411,412,413,268,265,267,266\" fullwidth=\"off\" posts_number=\"30\" show_title_and_caption=\"off\" show_pagination=\"on\" background_layout=\"light\" \/][\/et_pb_column][\/et_pb_row][\/et_pb_section] --><\/p>","protected":false},"excerpt":{"rendered":"<p>Kana has made tailored dog collars, leashes and harnesses for thousands of customers since 2009. And still does \ud83d\ude42 If you want to order something special and unique please contact her through her FB-page&#46;&#46;&#46;<\/p>\n","protected":false},"author":1,"featured_media":0,"parent":0,"menu_order":0,"comment_status":"closed","ping_status":"closed","template":"","meta":[],"_links":{"self":[{"href":"http:\/\/www.kanacollection.com\/en\/wp-json\/wp\/v2\/pages\/220"}],"collection":[{"href":"http:\/\/www.kanacollection.com\/en\/wp-json\/wp\/v2\/pages"}],"about":[{"href":"http:\/\/www.kanacollection.com\/en\/wp-json\/wp\/v2\/types\/page"}],"author":[{"embeddable":true,"href":"http:\/\/www.kanacollection.com\/en\/wp-json\/wp\/v2\/users\/1"}],"replies":[{"embeddable":true,"href":"http:\/\/www.kanacollection.com\/en\/wp-json\/wp\/v2\/comments?post=220"}],"version-history":[{"count":30,"href":"http:\/\/www.kanacollection.com\/en\/wp-json\/wp\/v2\/pages\/220\/revisions"}],"predecessor-version":[{"id":1666,"href":"http:\/\/www.kanacollection.com\/en\/wp-json\/wp\/v2\/pages\/220\/revisions\/1666"}],"wp:attachment":[{"href":"http:\/\/www.kanacollection.com\/en\/wp-json\/wp\/v2\/media?parent=220"}],"curies":[{"name":"wp","href":"https:\/\/api.w.org\/{rel}","templated":true}]}}