
{"id":1079,"date":"2016-08-18T09:30:31","date_gmt":"2016-08-18T09:30:31","guid":{"rendered":"http:\/\/www.kanacollection.com\/?page_id=1079"},"modified":"2017-11-18T15:16:29","modified_gmt":"2017-11-18T15:16:29","slug":"kc-sponsoroi","status":"publish","type":"page","link":"http:\/\/www.kanacollection.com\/en\/kc-sponsoroi\/","title":{"rendered":"KC sponsors"},"content":{"rendered":"<p><strong>Kana Collection sponsors the following dogs and owners year 2017<\/strong><\/p>\n<p>&nbsp;<\/p>\n<p><strong>Saara Auvinen and assistant dog student, labrador Uuno<\/strong><\/p>\n<p><img loading=\"lazy\" class=\"wp-image-1495 alignnone\" src=\"http:\/\/www.kanacollection.com\/wp-content\/uploads\/2016\/08\/Uuno-ja-Saara-1024x771.jpg\" alt=\"\" width=\"763\" height=\"574\" srcset=\"http:\/\/www.kanacollection.com\/wp-content\/uploads\/2016\/08\/Uuno-ja-Saara-1024x771.jpg 1024w, http:\/\/www.kanacollection.com\/wp-content\/uploads\/2016\/08\/Uuno-ja-Saara-300x226.jpg 300w, http:\/\/www.kanacollection.com\/wp-content\/uploads\/2016\/08\/Uuno-ja-Saara-768x579.jpg 768w, http:\/\/www.kanacollection.com\/wp-content\/uploads\/2016\/08\/Uuno-ja-Saara.jpg 1046w\" sizes=\"(max-width: 763px) 100vw, 763px\" \/><\/p>\n<p>Uuno the labrador belongs to Saara Auvinen, a rider and riding instructor who suffered a brain damage at work after falling off a horse. She remains unable to work and needs assistance in life on a daily basis. She has started to train young Uuno to become her personal assistant dog. Uuno&#8217;s duties will include supporting Saara&#8217;s walk, lifting up things from the ground and completing other small household tasks. Kana Collection has given Uuno a handmade trainee vest and Pinsu-Y-harness for comfortable training. Uuno has a FB-page of his own &#8211; <a href=\"https:\/\/www.facebook.com\/uuno.aputassu\/\">Uuno aputassu<\/a>. \ud83d\ude42<\/p>\n<p><strong>Tiina Harju ja k\u00e4\u00e4pi\u00f6villakoira Heka<\/strong><\/p>\n<p><img loading=\"lazy\" class=\"wp-image-1491 alignnone\" src=\"http:\/\/www.kanacollection.com\/wp-content\/uploads\/2016\/08\/Tiina-ja-heka-kolla-1024x501.jpg\" alt=\"\" width=\"797\" height=\"390\" srcset=\"http:\/\/www.kanacollection.com\/wp-content\/uploads\/2016\/08\/Tiina-ja-heka-kolla-1024x501.jpg 1024w, http:\/\/www.kanacollection.com\/wp-content\/uploads\/2016\/08\/Tiina-ja-heka-kolla-300x147.jpg 300w, http:\/\/www.kanacollection.com\/wp-content\/uploads\/2016\/08\/Tiina-ja-heka-kolla-768x376.jpg 768w, http:\/\/www.kanacollection.com\/wp-content\/uploads\/2016\/08\/Tiina-ja-heka-kolla.jpg 1507w\" sizes=\"(max-width: 797px) 100vw, 797px\" \/><\/p>\n<p>Miniature poodle Heka and Tiina Harju compete in dog frisbee, agility and canine freestyle. They have even performed in TV!<\/p>\n<div id=\"attachment_1084\" style=\"width: 515px\" class=\"wp-caption alignright\"><a href=\"http:\/\/www.kanacollection.com\/wp-content\/uploads\/2016\/08\/Hekan-edustusvehkeet-WEB.jpg\"><img aria-describedby=\"caption-attachment-1084\" loading=\"lazy\" class=\"wp-image-1084\" src=\"http:\/\/www.kanacollection.com\/wp-content\/uploads\/2016\/08\/Hekan-edustusvehkeet-WEB-1024x654.jpg\" alt=\"Hekan-edustusvehkeet-WEB\" width=\"505\" height=\"323\" srcset=\"http:\/\/www.kanacollection.com\/wp-content\/uploads\/2016\/08\/Hekan-edustusvehkeet-WEB-1024x654.jpg 1024w, http:\/\/www.kanacollection.com\/wp-content\/uploads\/2016\/08\/Hekan-edustusvehkeet-WEB-300x192.jpg 300w, http:\/\/www.kanacollection.com\/wp-content\/uploads\/2016\/08\/Hekan-edustusvehkeet-WEB.jpg 1283w\" sizes=\"(max-width: 505px) 100vw, 505px\" \/><\/a><p id=\"caption-attachment-1084\" class=\"wp-caption-text\">Hekan edustusvermeet \ud83d\ude42<\/p><\/div>\n<p><strong>Heka and Tiina&#8217;s achievements:<\/strong><\/p>\n<p>Frisbee<br \/>\n-Microdog-suomenmestari toss &amp; fetch 2016<br \/>\n-Microdog SM-hopea freestyle 2016<br \/>\n-Microdog 2.sija freestyle 2015<br \/>\n-Paras microdog freestylessa ja pituusheitossa 2015 + dogfrisbee world championship-finalist<\/p>\n<p>Agility<br \/>\n-Agilityn Olympia-pronssi 2016<br \/>\n-Kahta serti\u00e4 vaille Suomen agilityvalio<br \/>\n-K-S Kennelpiirin agilitycupin tuplavoittaja<\/p>\n<p>TV<br \/>\n-Talent Suomi-semifinalisti 2011<br \/>\n-Voitolla Y\u00f6h\u00f6n!-kilpailija 2015<br \/>\n-Kiva koirakansalainen 2010<br \/>\n*Koiratanssi &#8211; freestyle: SM9 2013, SM4 2012, SM6 2011, SM13 2010<\/p>\n<p>&nbsp;<\/p>\n<p><strong>Ville Pirisjoki and parsonrussellterrieri Aino since 2015<\/strong><\/p>\n<p><a href=\"http:\/\/www.kanacollection.com\/wp-content\/uploads\/2016\/08\/Ville-ja-Aino.jpg\"><img loading=\"lazy\" class=\"size-full wp-image-1080 alignnone\" src=\"http:\/\/www.kanacollection.com\/wp-content\/uploads\/2016\/08\/Ville-ja-Aino.jpg\" alt=\"Ville ja Aino\" width=\"640\" height=\"511\" srcset=\"http:\/\/www.kanacollection.com\/wp-content\/uploads\/2016\/08\/Ville-ja-Aino.jpg 640w, http:\/\/www.kanacollection.com\/wp-content\/uploads\/2016\/08\/Ville-ja-Aino-300x240.jpg 300w\" sizes=\"(max-width: 640px) 100vw, 640px\" \/><\/a><br \/>\nVille Pirisjoki ja parsoni Aino ovat agilitykenttien sankarit, joiden taivalta Kana Collection siivitt\u00e4\u00e4 mieliss\u00e4\u00e4n.<\/p>\n<p>&nbsp;<\/p>\n<div id=\"attachment_1083\" style=\"width: 546px\" class=\"wp-caption alignright\"><img aria-describedby=\"caption-attachment-1083\" loading=\"lazy\" class=\"wp-image-1083\" src=\"http:\/\/www.kanacollection.com\/wp-content\/uploads\/2016\/08\/Ainon-edustusvehkeetWEB-1024x538.jpg\" alt=\"Ainon-edustusvehkeetWEB\" width=\"536\" height=\"281\" srcset=\"http:\/\/www.kanacollection.com\/wp-content\/uploads\/2016\/08\/Ainon-edustusvehkeetWEB-1024x538.jpg 1024w, http:\/\/www.kanacollection.com\/wp-content\/uploads\/2016\/08\/Ainon-edustusvehkeetWEB-300x158.jpg 300w, http:\/\/www.kanacollection.com\/wp-content\/uploads\/2016\/08\/Ainon-edustusvehkeetWEB.jpg 1246w\" sizes=\"(max-width: 536px) 100vw, 536px\" \/><p id=\"caption-attachment-1083\" class=\"wp-caption-text\">Ainon edustusvermeet<\/p><\/div>\n<p><strong>Ainon ja Villen saavutukset:<br \/>\n<\/strong><\/p>\n<p>-Kansainv\u00e4linen agilityvalio<\/p>\n<p>-Suomen Agilityvalio<br \/>\n-Suomen Hyppyvalio<br \/>\n-Ruotsin Agilityvalio<br \/>\n-Ruotsin Hyppyvalio<br \/>\n-Norjan Hyppyvalio<br \/>\n-Eestin Agilityvalio<\/p>\n<p>-Agility SM hopeaa 2015<br \/>\n-Agility Maajoukkuepaikka 2015<\/p>\n<p>-Agilityn Pohjois-H\u00e4meen Piirinmestari 2014<\/p>\n<p>-Agility SM hopeaa 2013<br \/>\n-Agility Maajoukkuepaikka 2013<br \/>\n-Agility PM-joukkuehopeaa 2013<\/p>","protected":false},"excerpt":{"rendered":"<p>Kana Collection sponsors the following dogs and owners year 2017 &nbsp; Saara Auvinen and assistant dog student, labrador Uuno Uuno the labrador belongs to Saara Auvinen, a rider and riding instructor who suffered a&#46;&#46;&#46;<\/p>\n","protected":false},"author":2,"featured_media":0,"parent":0,"menu_order":0,"comment_status":"closed","ping_status":"closed","template":"","meta":[],"_links":{"self":[{"href":"http:\/\/www.kanacollection.com\/en\/wp-json\/wp\/v2\/pages\/1079"}],"collection":[{"href":"http:\/\/www.kanacollection.com\/en\/wp-json\/wp\/v2\/pages"}],"about":[{"href":"http:\/\/www.kanacollection.com\/en\/wp-json\/wp\/v2\/types\/page"}],"author":[{"embeddable":true,"href":"http:\/\/www.kanacollection.com\/en\/wp-json\/wp\/v2\/users\/2"}],"replies":[{"embeddable":true,"href":"http:\/\/www.kanacollection.com\/en\/wp-json\/wp\/v2\/comments?post=1079"}],"version-history":[{"count":15,"href":"http:\/\/www.kanacollection.com\/en\/wp-json\/wp\/v2\/pages\/1079\/revisions"}],"predecessor-version":[{"id":1498,"href":"http:\/\/www.kanacollection.com\/en\/wp-json\/wp\/v2\/pages\/1079\/revisions\/1498"}],"wp:attachment":[{"href":"http:\/\/www.kanacollection.com\/en\/wp-json\/wp\/v2\/media?parent=1079"}],"curies":[{"name":"wp","href":"https:\/\/api.w.org\/{rel}","templated":true}]}}